{"id":160,"date":"2023-07-11T06:22:14","date_gmt":"2023-07-11T06:22:14","guid":{"rendered":"https:\/\/pawerful-partners.de\/?page_id=160"},"modified":"2024-06-16T20:39:33","modified_gmt":"2024-06-16T20:39:33","slug":"impressum","status":"publish","type":"page","link":"https:\/\/pawerful-partners.de\/?page_id=160","title":{"rendered":"Impressum"},"content":{"rendered":"\t\t<div data-elementor-type=\"wp-page\" data-elementor-id=\"160\" class=\"elementor elementor-160\">\n\t\t\t\t\t\t<section class=\"elementor-section elementor-top-section elementor-element elementor-element-47c7fb0 elementor-section-boxed elementor-section-height-default elementor-section-height-default wpr-particle-no wpr-jarallax-no wpr-parallax-no wpr-sticky-section-no\" data-id=\"47c7fb0\" data-element_type=\"section\" data-e-type=\"section\">\n\t\t\t\t\t\t<div class=\"elementor-container elementor-column-gap-default\">\n\t\t\t\t\t<div class=\"elementor-column elementor-col-100 elementor-top-column elementor-element elementor-element-3e1772a8\" data-id=\"3e1772a8\" data-element_type=\"column\" data-e-type=\"column\">\n\t\t\t<div class=\"elementor-widget-wrap elementor-element-populated\">\n\t\t\t\t\t\t<div class=\"elementor-element elementor-element-74ce4c5b elementor-widget elementor-widget-text-editor\" data-id=\"74ce4c5b\" data-element_type=\"widget\" data-e-type=\"widget\" data-widget_type=\"text-editor.default\">\n\t\t\t\t<div class=\"elementor-widget-container\">\n\t\t\t\t\t\t\t\t\t<p><\/p>\n<div class=\"is-vertical is-layout-flex wp-container-core-group-is-layout-8cf370e7 wp-block-group-is-layout-flex\">\n<p><\/p>\n<p><span style=\"text-decoration: underline;\">A<\/span><b><u>ngaben gem\u00e4\u00df \u00a75 TMG<\/u><\/b><\/p>\n<p><em><span style=\"text-decoration: underline;\"><b>Diensteanbieter<\/b><\/span><\/em><\/p>\n<p><span style=\"font-size: 1rem;\">Vanessa K\u00fcpper, Tierheilpraktikerin<\/span><\/p>\n<p><\/p>\n<p><\/p>\n<p>Eschweg 62<\/p>\n<p>59227 Ahlen &#8211; DE\u00a0<\/p>\n<p><\/p>\n<p><\/p>\n<p>\u00a0<\/p>\n<p>\u00a0<\/p>\n<p><span style=\"text-decoration: underline;\">K<b>ontakt<\/b><\/span><\/p>\n<p><\/p>\n<p><\/p>\n<p><\/p>\n<p><\/p>\n<p><strong>Tel.\/ WhatsApp<\/strong>: +49 177 8022772<\/p>\n<p><\/p>\n<p><\/p>\n<p><strong>Email<\/strong>: pawerful-partners@outlook.de<\/p>\n<p><\/p>\n<\/div>\n<p><\/p>\n<p><\/p>\n<p><\/p>\n<p><\/p>\n<p><strong>Rechtsform<\/strong>: Kleinunternehmen nach \u00a719 UStG<\/p>\n<p>\u00a0<\/p>\n<p>\u00a0<\/p>\n<p><strong>Berufsverband<\/strong>: &#8222;\u00e4ltester Verband der Tierheilpraktiker Deutschlands seit 1931 e.V.<\/p>\n<p><strong>Berufshaftpflichtversicherung<\/strong>: LVM &#8211; r\u00e4umliche Geltung: Deutschland<\/p>\n<p>\u00a0<\/p>\n<p>\u00a0<\/p>\n<p><strong>Bildnachweis<\/strong>:<\/p>\n<p>Titelbild, Bilder der Rubriken: about me, Bioresonanz, Akupunkur, Laser, Zahngesundheit, Anamnese by\u00a0Pawsfocus &#8211; Laura Heidfeld \/\u00a0<a href=\"http:\/\/www.lauraheidfeld.de\" target=\"_blank\" rel=\"noopener\">www.lauraheidfeld.de<\/a>\u00a0\u00a0\/ instagram: <a href=\"https:\/\/www.instagram.com\/pawsfocus\/\">Pawsfocus<\/a><\/p>\n<p>Darmgesundheit: Privataufnahme; Bilder der Rubriken: Allergie, Labor, Ern\u00e4hrung by Canva pro<\/p>\n<p>\u00a0<\/p>\n<p>\u00a0<\/p>\n<p><strong>H<\/strong><b>aftung f\u00fcr Inhalte<\/b><\/p>\n<p>Als Diensteanbieter bin ich gem\u00e4\u00df \u00a7 7 Abs.1 TMG f\u00fcr die eigenen Inhalte auf diesen Seiten nach den allgemeinen Gesetzen verantwortlich. Nach \u00a7 8 bis 10 TMG bin ich als Diensteanbieter jedoch nicht verpflichtet, \u00fcbermittelte oder gespeicherte fremde Informationen zu \u00fcberwachen oder nach Umst\u00e4nden zu forschen, die auf eine rechtswidrige T\u00e4tigkeit hinweisen.<\/p>\n<p>Verpflichtungen zur Entfernung oder Sperrung der Nutzung von Informationen nach den allgemeinen Gesetzen bleiben hiervon unber\u00fchrt. Eine diesbez\u00fcgliche Haftung ist jedoch erst ab dem Zeitpunkt der Kenntnis einer konkreten Rechtsverletzung m\u00f6glich. Bei Bekanntwerden von entsprechenden Rechtsverletzungen werde ich diese Inhalte umgehend entfernen.<\/p>\n<p>\u00a0<\/p>\n<p>\u00a0<\/p>\n<p><strong>H<\/strong><b>aftung f\u00fcr Links<\/b><\/p>\n<p>Meine Webseite enth\u00e4lt Links zu externen Websites Dritter, auf deren Inhalte ich keinen Einfluss habe. Deshalb kann ich f\u00fcr diese fremden Inhalte auch keine Gew\u00e4hr \u00fcbernehmen. F\u00fcr die Inhalte der verlinkten Seiten ist stets der jeweilige Anbieter oder Betreiber der Seiten verantwortlich. Die verlinkten Seiten wurden zum Zeitpunkt der Verlinkung auf m\u00f6gliche Rechtsverst\u00f6\u00dfe \u00fcberpr\u00fcft. Rechtswidrige Inhalte waren zum Zeitpunkt der Verlinkung nicht erkennbar.<\/p>\n<p>Eine permanente inhaltliche Kontrolle der verlinkten Seiten ist jedoch ohne konkrete Anhaltspunkte einer Rechtsverletzung nicht zumutbar. Bei Bekanntwerden von Rechtsverletzungen werde ich derartige Links umgehend entfernen.<\/p>\n<p>\u00a0<\/p>\n<p>\u00a0<\/p>\n<p><strong>U<\/strong><b>rheberrecht<\/b><\/p>\n<p>Die durch den Seitenbetreiber erstellten Inhalte und Werke auf diesen Seiten unterliegen dem Urheberrecht der Bundesrepublik Deutschland. Die Vervielf\u00e4ltigung, Bearbeitung, Verbreitung und jede Art der Verwertung au\u00dferhalb der Grenzen des Urheberrechtes bed\u00fcrfen der schriftlichen Zustimmung des jeweiligen Autors bzw. Erstellers. Downloads und Kopien dieser Seite sind nur f\u00fcr den privaten, nicht kommerziellen Gebrauch gestattet.<\/p>\n<p>Soweit die Inhalte auf dieser Seite nicht vom Betreiber erstellt wurden, werden die Urheberrechte Dritter beachtet. Insbesondere werden Inhalte Dritter als solche gekennzeichnet. Sollten Sie trotzdem auf eine Urheberrechtsverletzung aufmerksam werden, bitte ich um einen entsprechenden Hinweis. Bei Bekanntwerden von Rechtsverletzungen werde ich derartige Inhalte umgehend entfernen.<\/p>\n<p><\/p>\n<p><\/p>\n<p><\/p>\n<p><\/p>\n<p><\/p>\t\t\t\t\t\t\t\t<\/div>\n\t\t\t\t<\/div>\n\t\t\t\t\t<\/div>\n\t\t<\/div>\n\t\t\t\t\t<\/div>\n\t\t<\/section>\n\t\t<div class=\"elementor-element elementor-element-6f46ecf e-flex e-con-boxed wpr-particle-no wpr-jarallax-no wpr-parallax-no wpr-sticky-section-no e-con e-parent\" data-id=\"6f46ecf\" data-element_type=\"container\" data-e-type=\"container\">\n\t\t\t\t\t<div class=\"e-con-inner\">\n\t\t\t\t<div class=\"elementor-element elementor-element-c021d23 elementor-align-center elementor-invisible elementor-widget elementor-widget-button\" data-id=\"c021d23\" data-element_type=\"widget\" data-e-type=\"widget\" data-settings=\"{&quot;_animation&quot;:&quot;rollIn&quot;}\" data-widget_type=\"button.default\">\n\t\t\t\t<div class=\"elementor-widget-container\">\n\t\t\t\t\t\t\t\t\t<div class=\"elementor-button-wrapper\">\n\t\t\t\t\t<a class=\"elementor-button elementor-button-link elementor-size-sm\" href=\"https:\/\/pawerful-partners.de\/?page_id=164\">\n\t\t\t\t\t\t<span class=\"elementor-button-content-wrapper\">\n\t\t\t\t\t\t\t\t\t<span class=\"elementor-button-text\">AGB<\/span>\n\t\t\t\t\t<\/span>\n\t\t\t\t\t<\/a>\n\t\t\t\t<\/div>\n\t\t\t\t\t\t\t\t<\/div>\n\t\t\t\t<\/div>\n\t\t\t\t\t<\/div>\n\t\t\t\t<\/div>\n\t\t<div class=\"elementor-element elementor-element-0ca0158 e-flex e-con-boxed wpr-particle-no wpr-jarallax-no wpr-parallax-no wpr-sticky-section-no e-con e-parent\" data-id=\"0ca0158\" data-element_type=\"container\" data-e-type=\"container\">\n\t\t\t\t\t<div class=\"e-con-inner\">\n\t\t\t\t<div class=\"elementor-element elementor-element-2e3da3d elementor-align-center elementor-invisible elementor-widget elementor-widget-button\" data-id=\"2e3da3d\" data-element_type=\"widget\" data-e-type=\"widget\" data-settings=\"{&quot;_animation&quot;:&quot;rollIn&quot;}\" data-widget_type=\"button.default\">\n\t\t\t\t<div class=\"elementor-widget-container\">\n\t\t\t\t\t\t\t\t\t<div class=\"elementor-button-wrapper\">\n\t\t\t\t\t<a class=\"elementor-button elementor-button-link elementor-size-sm\" href=\"https:\/\/pawerful-partners.de\/?page_id=16\">\n\t\t\t\t\t\t<span class=\"elementor-button-content-wrapper\">\n\t\t\t\t\t\t\t\t\t<span class=\"elementor-button-text\">Datenschutz<\/span>\n\t\t\t\t\t<\/span>\n\t\t\t\t\t<\/a>\n\t\t\t\t<\/div>\n\t\t\t\t\t\t\t\t<\/div>\n\t\t\t\t<\/div>\n\t\t\t\t\t<\/div>\n\t\t\t\t<\/div>\n\t\t\t\t<\/div>\n\t\t","protected":false},"excerpt":{"rendered":"<p>Angaben gem\u00e4\u00df \u00a75 TMG Diensteanbieter Vanessa K\u00fcpper, Tierheilpraktikerin Eschweg 62 59227 Ahlen &#8211; DE\u00a0 \u00a0 \u00a0 Kontakt Tel.\/ WhatsApp: +49 177 8022772 Email: pawerful-partners@outlook.de Rechtsform: Kleinunternehmen nach \u00a719 UStG \u00a0 \u00a0 Berufsverband: &#8222;\u00e4ltester Verband der Tierheilpraktiker Deutschlands seit 1931 e.V. Berufshaftpflichtversicherung: LVM &#8211; r\u00e4umliche Geltung: Deutschland \u00a0 \u00a0 Bildnachweis: Titelbild, Bilder der Rubriken: about me, Bioresonanz, Akupunkur, Laser, Zahngesundheit, Anamnese by\u00a0Pawsfocus &#8211; Laura Heidfeld \/\u00a0www.lauraheidfeld.de\u00a0\u00a0\/ instagram: Pawsfocus Darmgesundheit: Privataufnahme; Bilder der Rubriken: Allergie, Labor, Ern\u00e4hrung by Canva pro \u00a0 \u00a0 Haftung f\u00fcr Inhalte Als Diensteanbieter bin ich gem\u00e4\u00df \u00a7 7 Abs.1 TMG f\u00fcr die eigenen Inhalte auf diesen Seiten nach den allgemeinen Gesetzen verantwortlich. Nach \u00a7 8 bis 10 TMG bin ich als Diensteanbieter jedoch nicht verpflichtet, \u00fcbermittelte oder gespeicherte fremde Informationen zu \u00fcberwachen oder nach Umst\u00e4nden zu forschen, die auf eine rechtswidrige T\u00e4tigkeit hinweisen. Verpflichtungen zur Entfernung oder Sperrung der Nutzung von Informationen nach den allgemeinen Gesetzen bleiben hiervon unber\u00fchrt. Eine diesbez\u00fcgliche Haftung ist jedoch erst ab dem Zeitpunkt der Kenntnis einer konkreten Rechtsverletzung m\u00f6glich. Bei Bekanntwerden von entsprechenden Rechtsverletzungen werde ich diese Inhalte umgehend entfernen. \u00a0 \u00a0 Haftung f\u00fcr Links Meine Webseite enth\u00e4lt Links zu externen Websites Dritter, auf deren Inhalte ich keinen Einfluss habe. Deshalb kann ich f\u00fcr diese fremden Inhalte auch keine Gew\u00e4hr \u00fcbernehmen. F\u00fcr die Inhalte der verlinkten Seiten ist stets der jeweilige Anbieter oder Betreiber der Seiten verantwortlich. Die verlinkten Seiten wurden zum Zeitpunkt der Verlinkung auf m\u00f6gliche Rechtsverst\u00f6\u00dfe \u00fcberpr\u00fcft. Rechtswidrige Inhalte waren zum Zeitpunkt der Verlinkung nicht erkennbar. Eine permanente inhaltliche Kontrolle der verlinkten Seiten ist jedoch ohne konkrete Anhaltspunkte einer Rechtsverletzung nicht zumutbar. Bei Bekanntwerden von Rechtsverletzungen werde ich derartige Links umgehend entfernen. \u00a0 \u00a0 Urheberrecht Die durch den Seitenbetreiber erstellten Inhalte und Werke auf diesen Seiten unterliegen dem Urheberrecht der Bundesrepublik Deutschland. Die Vervielf\u00e4ltigung, Bearbeitung, Verbreitung und jede Art der Verwertung au\u00dferhalb der Grenzen des Urheberrechtes bed\u00fcrfen der schriftlichen Zustimmung des jeweiligen Autors bzw. Erstellers. Downloads und Kopien dieser Seite sind nur f\u00fcr den privaten, nicht kommerziellen Gebrauch gestattet. Soweit die Inhalte auf dieser Seite nicht vom Betreiber erstellt wurden, werden die Urheberrechte Dritter beachtet. Insbesondere werden Inhalte Dritter als solche gekennzeichnet. Sollten Sie trotzdem auf eine Urheberrechtsverletzung aufmerksam werden, bitte ich um einen entsprechenden Hinweis. Bei Bekanntwerden von Rechtsverletzungen werde ich derartige Inhalte umgehend entfernen. AGB Datenschutz<\/p>\n","protected":false},"author":1,"featured_media":0,"parent":0,"menu_order":0,"comment_status":"closed","ping_status":"closed","template":"","meta":{"footnotes":""},"class_list":["post-160","page","type-page","status-publish","hentry"],"yoast_head":"<!-- This site is optimized with the Yoast SEO plugin v26.9 - https:\/\/yoast.com\/product\/yoast-seo-wordpress\/ -->\n<title>Impressum - Pawerful-Partners<\/title>\n<meta name=\"robots\" content=\"index, follow, max-snippet:-1, max-image-preview:large, max-video-preview:-1\" \/>\n<link rel=\"canonical\" href=\"https:\/\/pawerful-partners.de\/?page_id=160\" \/>\n<meta property=\"og:locale\" content=\"de_DE\" \/>\n<meta property=\"og:type\" content=\"article\" \/>\n<meta property=\"og:title\" content=\"Impressum - Pawerful-Partners\" \/>\n<meta property=\"og:description\" content=\"Angaben gem\u00e4\u00df \u00a75 TMG Diensteanbieter Vanessa K\u00fcpper, Tierheilpraktikerin Eschweg 62 59227 Ahlen &#8211; DE\u00a0 \u00a0 \u00a0 Kontakt Tel.\/ WhatsApp: +49 177 8022772 Email: pawerful-partners@outlook.de Rechtsform: Kleinunternehmen nach \u00a719 UStG \u00a0 \u00a0 Berufsverband: &#8222;\u00e4ltester Verband der Tierheilpraktiker Deutschlands seit 1931 e.V. Berufshaftpflichtversicherung: LVM &#8211; r\u00e4umliche Geltung: Deutschland \u00a0 \u00a0 Bildnachweis: Titelbild, Bilder der Rubriken: about me, Bioresonanz, Akupunkur, Laser, Zahngesundheit, Anamnese by\u00a0Pawsfocus &#8211; Laura Heidfeld \/\u00a0www.lauraheidfeld.de\u00a0\u00a0\/ instagram: Pawsfocus Darmgesundheit: Privataufnahme; Bilder der Rubriken: Allergie, Labor, Ern\u00e4hrung by Canva pro \u00a0 \u00a0 Haftung f\u00fcr Inhalte Als Diensteanbieter bin ich gem\u00e4\u00df \u00a7 7 Abs.1 TMG f\u00fcr die eigenen Inhalte auf diesen Seiten nach den allgemeinen Gesetzen verantwortlich. Nach \u00a7 8 bis 10 TMG bin ich als Diensteanbieter jedoch nicht verpflichtet, \u00fcbermittelte oder gespeicherte fremde Informationen zu \u00fcberwachen oder nach Umst\u00e4nden zu forschen, die auf eine rechtswidrige T\u00e4tigkeit hinweisen. Verpflichtungen zur Entfernung oder Sperrung der Nutzung von Informationen nach den allgemeinen Gesetzen bleiben hiervon unber\u00fchrt. Eine diesbez\u00fcgliche Haftung ist jedoch erst ab dem Zeitpunkt der Kenntnis einer konkreten Rechtsverletzung m\u00f6glich. Bei Bekanntwerden von entsprechenden Rechtsverletzungen werde ich diese Inhalte umgehend entfernen. \u00a0 \u00a0 Haftung f\u00fcr Links Meine Webseite enth\u00e4lt Links zu externen Websites Dritter, auf deren Inhalte ich keinen Einfluss habe. Deshalb kann ich f\u00fcr diese fremden Inhalte auch keine Gew\u00e4hr \u00fcbernehmen. F\u00fcr die Inhalte der verlinkten Seiten ist stets der jeweilige Anbieter oder Betreiber der Seiten verantwortlich. Die verlinkten Seiten wurden zum Zeitpunkt der Verlinkung auf m\u00f6gliche Rechtsverst\u00f6\u00dfe \u00fcberpr\u00fcft. Rechtswidrige Inhalte waren zum Zeitpunkt der Verlinkung nicht erkennbar. Eine permanente inhaltliche Kontrolle der verlinkten Seiten ist jedoch ohne konkrete Anhaltspunkte einer Rechtsverletzung nicht zumutbar. Bei Bekanntwerden von Rechtsverletzungen werde ich derartige Links umgehend entfernen. \u00a0 \u00a0 Urheberrecht Die durch den Seitenbetreiber erstellten Inhalte und Werke auf diesen Seiten unterliegen dem Urheberrecht der Bundesrepublik Deutschland. Die Vervielf\u00e4ltigung, Bearbeitung, Verbreitung und jede Art der Verwertung au\u00dferhalb der Grenzen des Urheberrechtes bed\u00fcrfen der schriftlichen Zustimmung des jeweiligen Autors bzw. Erstellers. Downloads und Kopien dieser Seite sind nur f\u00fcr den privaten, nicht kommerziellen Gebrauch gestattet. Soweit die Inhalte auf dieser Seite nicht vom Betreiber erstellt wurden, werden die Urheberrechte Dritter beachtet. Insbesondere werden Inhalte Dritter als solche gekennzeichnet. Sollten Sie trotzdem auf eine Urheberrechtsverletzung aufmerksam werden, bitte ich um einen entsprechenden Hinweis. Bei Bekanntwerden von Rechtsverletzungen werde ich derartige Inhalte umgehend entfernen. AGB Datenschutz\" \/>\n<meta property=\"og:url\" content=\"https:\/\/pawerful-partners.de\/?page_id=160\" \/>\n<meta property=\"og:site_name\" content=\"Pawerful-Partners\" \/>\n<meta property=\"article:modified_time\" content=\"2024-06-16T20:39:33+00:00\" \/>\n<meta name=\"twitter:card\" content=\"summary_large_image\" \/>\n<meta name=\"twitter:label1\" content=\"Gesch\u00e4tzte Lesezeit\" \/>\n\t<meta name=\"twitter:data1\" content=\"3\u00a0Minuten\" \/>\n<script type=\"application\/ld+json\" class=\"yoast-schema-graph\">{\"@context\":\"https:\/\/schema.org\",\"@graph\":[{\"@type\":\"WebPage\",\"@id\":\"https:\/\/pawerful-partners.de\/?page_id=160\",\"url\":\"https:\/\/pawerful-partners.de\/?page_id=160\",\"name\":\"Impressum - Pawerful-Partners\",\"isPartOf\":{\"@id\":\"https:\/\/pawerful-partners.de\/#website\"},\"datePublished\":\"2023-07-11T06:22:14+00:00\",\"dateModified\":\"2024-06-16T20:39:33+00:00\",\"breadcrumb\":{\"@id\":\"https:\/\/pawerful-partners.de\/?page_id=160#breadcrumb\"},\"inLanguage\":\"de\",\"potentialAction\":[{\"@type\":\"ReadAction\",\"target\":[\"https:\/\/pawerful-partners.de\/?page_id=160\"]}]},{\"@type\":\"BreadcrumbList\",\"@id\":\"https:\/\/pawerful-partners.de\/?page_id=160#breadcrumb\",\"itemListElement\":[{\"@type\":\"ListItem\",\"position\":1,\"name\":\"Startseite\",\"item\":\"https:\/\/pawerful-partners.de\/\"},{\"@type\":\"ListItem\",\"position\":2,\"name\":\"Impressum\"}]},{\"@type\":\"WebSite\",\"@id\":\"https:\/\/pawerful-partners.de\/#website\",\"url\":\"https:\/\/pawerful-partners.de\/\",\"name\":\"Pawerful-Partners\",\"description\":\"\",\"potentialAction\":[{\"@type\":\"SearchAction\",\"target\":{\"@type\":\"EntryPoint\",\"urlTemplate\":\"https:\/\/pawerful-partners.de\/?s={search_term_string}\"},\"query-input\":{\"@type\":\"PropertyValueSpecification\",\"valueRequired\":true,\"valueName\":\"search_term_string\"}}],\"inLanguage\":\"de\"}]}<\/script>\n<!-- \/ Yoast SEO plugin. -->","yoast_head_json":{"title":"Impressum - Pawerful-Partners","robots":{"index":"index","follow":"follow","max-snippet":"max-snippet:-1","max-image-preview":"max-image-preview:large","max-video-preview":"max-video-preview:-1"},"canonical":"https:\/\/pawerful-partners.de\/?page_id=160","og_locale":"de_DE","og_type":"article","og_title":"Impressum - Pawerful-Partners","og_description":"Angaben gem\u00e4\u00df \u00a75 TMG Diensteanbieter Vanessa K\u00fcpper, Tierheilpraktikerin Eschweg 62 59227 Ahlen &#8211; DE\u00a0 \u00a0 \u00a0 Kontakt Tel.\/ WhatsApp: +49 177 8022772 Email: pawerful-partners@outlook.de Rechtsform: Kleinunternehmen nach \u00a719 UStG \u00a0 \u00a0 Berufsverband: &#8222;\u00e4ltester Verband der Tierheilpraktiker Deutschlands seit 1931 e.V. Berufshaftpflichtversicherung: LVM &#8211; r\u00e4umliche Geltung: Deutschland \u00a0 \u00a0 Bildnachweis: Titelbild, Bilder der Rubriken: about me, Bioresonanz, Akupunkur, Laser, Zahngesundheit, Anamnese by\u00a0Pawsfocus &#8211; Laura Heidfeld \/\u00a0www.lauraheidfeld.de\u00a0\u00a0\/ instagram: Pawsfocus Darmgesundheit: Privataufnahme; Bilder der Rubriken: Allergie, Labor, Ern\u00e4hrung by Canva pro \u00a0 \u00a0 Haftung f\u00fcr Inhalte Als Diensteanbieter bin ich gem\u00e4\u00df \u00a7 7 Abs.1 TMG f\u00fcr die eigenen Inhalte auf diesen Seiten nach den allgemeinen Gesetzen verantwortlich. Nach \u00a7 8 bis 10 TMG bin ich als Diensteanbieter jedoch nicht verpflichtet, \u00fcbermittelte oder gespeicherte fremde Informationen zu \u00fcberwachen oder nach Umst\u00e4nden zu forschen, die auf eine rechtswidrige T\u00e4tigkeit hinweisen. Verpflichtungen zur Entfernung oder Sperrung der Nutzung von Informationen nach den allgemeinen Gesetzen bleiben hiervon unber\u00fchrt. Eine diesbez\u00fcgliche Haftung ist jedoch erst ab dem Zeitpunkt der Kenntnis einer konkreten Rechtsverletzung m\u00f6glich. Bei Bekanntwerden von entsprechenden Rechtsverletzungen werde ich diese Inhalte umgehend entfernen. \u00a0 \u00a0 Haftung f\u00fcr Links Meine Webseite enth\u00e4lt Links zu externen Websites Dritter, auf deren Inhalte ich keinen Einfluss habe. Deshalb kann ich f\u00fcr diese fremden Inhalte auch keine Gew\u00e4hr \u00fcbernehmen. F\u00fcr die Inhalte der verlinkten Seiten ist stets der jeweilige Anbieter oder Betreiber der Seiten verantwortlich. Die verlinkten Seiten wurden zum Zeitpunkt der Verlinkung auf m\u00f6gliche Rechtsverst\u00f6\u00dfe \u00fcberpr\u00fcft. Rechtswidrige Inhalte waren zum Zeitpunkt der Verlinkung nicht erkennbar. Eine permanente inhaltliche Kontrolle der verlinkten Seiten ist jedoch ohne konkrete Anhaltspunkte einer Rechtsverletzung nicht zumutbar. Bei Bekanntwerden von Rechtsverletzungen werde ich derartige Links umgehend entfernen. \u00a0 \u00a0 Urheberrecht Die durch den Seitenbetreiber erstellten Inhalte und Werke auf diesen Seiten unterliegen dem Urheberrecht der Bundesrepublik Deutschland. Die Vervielf\u00e4ltigung, Bearbeitung, Verbreitung und jede Art der Verwertung au\u00dferhalb der Grenzen des Urheberrechtes bed\u00fcrfen der schriftlichen Zustimmung des jeweiligen Autors bzw. Erstellers. Downloads und Kopien dieser Seite sind nur f\u00fcr den privaten, nicht kommerziellen Gebrauch gestattet. Soweit die Inhalte auf dieser Seite nicht vom Betreiber erstellt wurden, werden die Urheberrechte Dritter beachtet. Insbesondere werden Inhalte Dritter als solche gekennzeichnet. Sollten Sie trotzdem auf eine Urheberrechtsverletzung aufmerksam werden, bitte ich um einen entsprechenden Hinweis. Bei Bekanntwerden von Rechtsverletzungen werde ich derartige Inhalte umgehend entfernen. AGB Datenschutz","og_url":"https:\/\/pawerful-partners.de\/?page_id=160","og_site_name":"Pawerful-Partners","article_modified_time":"2024-06-16T20:39:33+00:00","twitter_card":"summary_large_image","twitter_misc":{"Gesch\u00e4tzte Lesezeit":"3\u00a0Minuten"},"schema":{"@context":"https:\/\/schema.org","@graph":[{"@type":"WebPage","@id":"https:\/\/pawerful-partners.de\/?page_id=160","url":"https:\/\/pawerful-partners.de\/?page_id=160","name":"Impressum - Pawerful-Partners","isPartOf":{"@id":"https:\/\/pawerful-partners.de\/#website"},"datePublished":"2023-07-11T06:22:14+00:00","dateModified":"2024-06-16T20:39:33+00:00","breadcrumb":{"@id":"https:\/\/pawerful-partners.de\/?page_id=160#breadcrumb"},"inLanguage":"de","potentialAction":[{"@type":"ReadAction","target":["https:\/\/pawerful-partners.de\/?page_id=160"]}]},{"@type":"BreadcrumbList","@id":"https:\/\/pawerful-partners.de\/?page_id=160#breadcrumb","itemListElement":[{"@type":"ListItem","position":1,"name":"Startseite","item":"https:\/\/pawerful-partners.de\/"},{"@type":"ListItem","position":2,"name":"Impressum"}]},{"@type":"WebSite","@id":"https:\/\/pawerful-partners.de\/#website","url":"https:\/\/pawerful-partners.de\/","name":"Pawerful-Partners","description":"","potentialAction":[{"@type":"SearchAction","target":{"@type":"EntryPoint","urlTemplate":"https:\/\/pawerful-partners.de\/?s={search_term_string}"},"query-input":{"@type":"PropertyValueSpecification","valueRequired":true,"valueName":"search_term_string"}}],"inLanguage":"de"}]}},"acf":[],"_links":{"self":[{"href":"https:\/\/pawerful-partners.de\/index.php?rest_route=\/wp\/v2\/pages\/160","targetHints":{"allow":["GET"]}}],"collection":[{"href":"https:\/\/pawerful-partners.de\/index.php?rest_route=\/wp\/v2\/pages"}],"about":[{"href":"https:\/\/pawerful-partners.de\/index.php?rest_route=\/wp\/v2\/types\/page"}],"author":[{"embeddable":true,"href":"https:\/\/pawerful-partners.de\/index.php?rest_route=\/wp\/v2\/users\/1"}],"replies":[{"embeddable":true,"href":"https:\/\/pawerful-partners.de\/index.php?rest_route=%2Fwp%2Fv2%2Fcomments&post=160"}],"version-history":[{"count":66,"href":"https:\/\/pawerful-partners.de\/index.php?rest_route=\/wp\/v2\/pages\/160\/revisions"}],"predecessor-version":[{"id":2349,"href":"https:\/\/pawerful-partners.de\/index.php?rest_route=\/wp\/v2\/pages\/160\/revisions\/2349"}],"wp:attachment":[{"href":"https:\/\/pawerful-partners.de\/index.php?rest_route=%2Fwp%2Fv2%2Fmedia&parent=160"}],"curies":[{"name":"wp","href":"https:\/\/api.w.org\/{rel}","templated":true}]}}