{"id":1985,"date":"2024-06-13T21:13:40","date_gmt":"2024-06-13T21:13:40","guid":{"rendered":"https:\/\/pawerful-partners.de\/?page_id=1985"},"modified":"2026-01-19T11:25:37","modified_gmt":"2026-01-19T11:25:37","slug":"about-me","status":"publish","type":"page","link":"https:\/\/pawerful-partners.de\/?page_id=1985","title":{"rendered":"About me"},"content":{"rendered":"\t\t<div data-elementor-type=\"wp-page\" data-elementor-id=\"1985\" class=\"elementor elementor-1985\">\n\t\t\t\t<div class=\"elementor-element elementor-element-d247c59 e-flex e-con-boxed wpr-particle-no wpr-jarallax-no wpr-parallax-no wpr-sticky-section-no e-con e-parent\" data-id=\"d247c59\" data-element_type=\"container\" data-e-type=\"container\">\n\t\t\t\t\t<div class=\"e-con-inner\">\n\t\t\t\t<div class=\"elementor-element elementor-element-b84122b elementor-widget elementor-widget-text-editor\" data-id=\"b84122b\" data-element_type=\"widget\" data-e-type=\"widget\" data-widget_type=\"text-editor.default\">\n\t\t\t\t<div class=\"elementor-widget-container\">\n\t\t\t\t\t\t\t\t\t<p>Ich hei\u00dfe Vanessa K\u00fcpper und ich lebe mit meiner Familie und unseren Hunden im sch\u00f6nen M\u00fcnsterland in Ahlen- Vorhelm. Schon seit dem ich denken kann galt mein Interesse den Tieren. Nachdem ich zun\u00e4chst lange im humanmedizinischen Bereich t\u00e4tig war, bin ich letztendlich meinem Herzen gefolgt und durfte mir im\u00a0<span style=\"color: var( --e-global-color-text ); font-family: var( --e-global-typography-text-font-family ), Sans-serif; text-align: var(--text-align); letter-spacing: 0px;\">Sommer 2023 den Wunsch nach einer mobilen Tierheilpraxis erf\u00fcllen.<\/span><\/p><p><span style=\"font-weight: 400;\">Zuvor schloss ich im April des Jahres \u00b423 erfolgreich meine Ausbildung zur Tierheilpraktikerin ab, und erg\u00e4nzte diesen Abschluss zus\u00e4tzlich mit der Aufnahmepr\u00fcfung in den <\/span><a href=\"https:\/\/www.thp-verband.de\/\"><b><i>\u201e\u00e4ltesten Verband der Tierheilpraktiker Deutschlands, 1931 e.V.\u201c<\/i><\/b><\/a><\/p><p><span style=\"font-weight: 400;\">Von 2017-2019 absolvierte ich eine Fachausbildung in traditioneller chinesischer Medizin. Die Philosophie und auch die Naturheilkunde faszinierten mich von der ersten Sekunde an.<\/span><\/p><p><span style=\"font-weight: 400;\">Aufgrund meiner Leidenschaft f\u00fcr Hunde, entschied ich mich w\u00e4hrend meiner 2-j\u00e4hrigen Hospitationszeit in einer TCM-Praxis f\u00fcr Menschen, meinen Weg im naturheilkundlichen Bereich zwar fortzusetzen \u2013 meinen Fokus aber auf Hunde zu legen. Also absolvierte ich daraufhin eine weitere 3-j\u00e4hrige Ausbildung zur Tierheilpraktikerin.<\/span><\/p><p><span style=\"font-weight: 400;\">Die veterin\u00e4re Komplement\u00e4rmedizin ist mir eine Herzensangelegenheit. Ebenso das Anliegen, Menschen dabei zu unterst\u00fctzen ein m\u00f6glichst langes und gl\u00fcckliches Leben mit ihren vierbeinigen Begleitern genie\u00dfen zu k\u00f6nnen.<\/span><\/p><p><span style=\"font-weight: 400;\">\u00a0<\/span><\/p><p><b>FORTBILDUNGEN<\/b><\/p><p><b>Aktuell<\/b><\/p><p>&#8211; Weiterbildung im Bereich verhaltensmedizinische Tierpsychologie<\/p><p><b>2025<\/b><\/p><p>&#8211; SANUM-Kehlbeck Basis-Module\/ Praxisworkshops 1 &amp; 2<\/p><p>&#8211; Bauchspeicheldr\u00fcsenerkrankungen beim Hund erfolgreich behandeln<b><\/b><\/p><p>&#8211; \u00c4ngste diagnostizieren &amp; behandeln nach der TCM<\/p><p>&#8211; Das Bauchhirn &#8211; V wie Verhalten, V wie Verdauung<\/p><p>&#8211; Akupunktur mit der Bioresonanz<\/p><p><b>2024<\/b><\/p><p><span style=\"font-weight: 400;\">&#8211; Beziehungen zwischen Psyche und K\u00f6rper beim Hund (T\u00c4 Celina del Amo)<\/span><\/p><p><span style=\"font-weight: 400;\">&#8211; Tierverhalten in den 5 Elementen der TCVM (Dr. med. Christina Eul-Matern)<\/span><\/p><p><span style=\"font-weight: 400;\">&#8211; Laborwerte verstehen und vergleichen (Dr. Hawacker\/ Vetscreen)<\/span><\/p><p>&#8211; Erwerb der \u201eBescheinigung der Sachkunde f\u00fcr Hundehalter gem\u00e4\u00df \u00a710 Landeshundegesetz\u2013 LhundG &#8211; Haltung bestimmter Hunderassen\u201c<\/p><p><span style=\"font-weight: 400;\">&#8211; Erkrankungen des Bewegungsapparates beim Kleintier (VitOrgan)<\/span><\/p><p><span style=\"font-weight: 400;\">&#8211; Geriatrie beim Kleintier (VitOrgan)<\/span><\/p><p><span style=\"font-weight: 400;\">&#8211; Die BvT f\u00fcr Magen-Darm-Erkrankungen beim Kleintier<\/span><\/p><p><span style=\"font-weight: 400;\">&#8211; Einf\u00fchrung in die Biomolekulare vitOrgan- Therapie in der Veterin\u00e4medizin<\/span><\/p><p><span style=\"font-weight: 400;\">&#8211; Biomolekulare vitOrgan- Therapie\u00a0 bei Turmorerkrankungen bei Haustieren<\/span><\/p><p><span style=\"font-weight: 400;\">&#8211; Geschundene Gef\u00e4hrten \u2013 Gesundheitliche Probleme durch Zucht (Prof. Gruber)<\/span><\/p><p><b>2023<\/b><\/p><p><span style=\"font-weight: 400;\">&#8211; Labordiagnostik<\/span><\/p><p><span style=\"font-weight: 400;\">&#8211; Erste Hilfe Ma\u00dfnahmen am Hund<\/span><\/p><p><span style=\"font-weight: 400;\">&#8211; Basiskurs Tierkommunikation und Reiki f\u00fcr Tiere<\/span><\/p><p><span style=\"font-weight: 400;\">&#8211; Zertifizierung zur Therapeutin f\u00fcr Bioresonanz nach Paul Schmidt<\/span><\/p><p><span style=\"font-weight: 400;\">&#8211; Fachfortbildung \u00fcber \u201eF\u00fctterung bei Erkrankungen\u201c<\/span><\/p><p><b>2022<\/b><\/p><p><span style=\"font-weight: 400;\">&#8211; Kotbefunde interpretieren und Therapiepl\u00e4ne gestalten (Enterosan)<\/span><\/p><p><span style=\"font-weight: 400;\">&#8211; Verdauung und Verdauungsparameter im Kot (Enterosan)<\/span><\/p><p><b>2019<\/b><\/p><p><span style=\"font-weight: 400;\">&#8211; Injektionstechniken (HeLeNa Heilpraktikerschule)<\/span><\/p><p><b>2017<\/b><\/p><p><span style=\"font-weight: 400;\">&#8211; Erwerb der \u201eBescheinigung der Sachkunde f\u00fcr Hundehalter gem\u00e4\u00df \u00a711 Landeshundegesetz\u2013 LhundG\u201c<\/span><\/p><p><b>2004-2016<\/b><\/p><p><span style=\"font-weight: 400;\">&#8211; diverse Fortbildungen in den Bereichen: Instrumenten-\/ und Sterilgut Aufbereitung, Patientenbehandlung, Prothetische Assistenz und Funktionsanalysen, Praxismanagement\/- Marketing, Qualit\u00e4tsmanagement<\/span><\/p><p>\u00a0<\/p><p><b>AUSBILDUNGEN<\/b><\/p><p><b>2020-2023<\/b><\/p><p><span style=\"font-weight: 400;\">Ausbildung zur Tierheilpraktikerin (Abschluss 04\/2023)<\/span><\/p><p><b>09\/ 2023<\/b><\/p><p><span style=\"font-weight: 400;\">Verbandspr\u00fcfung im \u201e\u00c4ltesten Verband der Tierheilpraktiker Deutschlands seit 1931 e.V.\u201c<\/span><\/p><p><b>2017-2019<\/b><\/p><p><span style=\"font-weight: 400;\">Fach-Ausbildung Traditionelle Chinesische Medizin (Via Vita Institut f\u00fcr TCM in Unna)<\/span><\/p><p><b>2019-2020<\/b><\/p><p><span style=\"font-weight: 400;\">Ausbildung zur zert. Ern\u00e4hrungsberaterin (Human)<\/span><\/p><p><b>2017-2020<\/b><\/p><p><span style=\"font-weight: 400;\">Ausbildung zur Heilpraktikerin an der Via Vita Heilpraktiker Schule in Unna (Human &#8211; keine Pr\u00fcfung abgelegt, daher biete ich keine Therapie f\u00fcr Menschen an)\u00a0<\/span><\/p><p><b>2007-2008<\/b><\/p><p><span style=\"font-weight: 400;\">Berufsbegleitende Aufstiegsfortbildung zur zahnmedizinischen Prophylaxeassistentin (Haranni- Klinik Herne)<\/span><\/p><p><b>2004-2007<\/b><\/p><p><span style=\"font-weight: 400;\">Ausbildung zur zahnmedizinischen Fachangestellten<\/span><\/p><p><span style=\"font-weight: 400;\">\u00a0<\/span><\/p>\t\t\t\t\t\t\t\t<\/div>\n\t\t\t\t<\/div>\n\t\t\t\t\t<\/div>\n\t\t\t\t<\/div>\n\t\t\t\t<\/div>\n\t\t","protected":false},"excerpt":{"rendered":"<p>Ich hei\u00dfe Vanessa K\u00fcpper und ich lebe mit meiner Familie und unseren Hunden im sch\u00f6nen M\u00fcnsterland in Ahlen- Vorhelm. Schon seit dem ich denken kann galt mein Interesse den Tieren. Nachdem ich zun\u00e4chst lange im humanmedizinischen Bereich t\u00e4tig war, bin ich letztendlich meinem Herzen gefolgt und durfte mir im\u00a0Sommer 2023 den Wunsch nach einer mobilen Tierheilpraxis erf\u00fcllen. Zuvor schloss ich im April des Jahres \u00b423 erfolgreich meine Ausbildung zur Tierheilpraktikerin ab, und erg\u00e4nzte diesen Abschluss zus\u00e4tzlich mit der Aufnahmepr\u00fcfung in den \u201e\u00e4ltesten Verband der Tierheilpraktiker Deutschlands, 1931 e.V.\u201c Von 2017-2019 absolvierte ich eine Fachausbildung in traditioneller chinesischer Medizin. Die Philosophie und auch die Naturheilkunde faszinierten mich von der ersten Sekunde an. Aufgrund meiner Leidenschaft f\u00fcr Hunde, entschied ich mich w\u00e4hrend meiner 2-j\u00e4hrigen Hospitationszeit in einer TCM-Praxis f\u00fcr Menschen, meinen Weg im naturheilkundlichen Bereich zwar fortzusetzen \u2013 meinen Fokus aber auf Hunde zu legen. Also absolvierte ich daraufhin eine weitere 3-j\u00e4hrige Ausbildung zur Tierheilpraktikerin. Die veterin\u00e4re Komplement\u00e4rmedizin ist mir eine Herzensangelegenheit. Ebenso das Anliegen, Menschen dabei zu unterst\u00fctzen ein m\u00f6glichst langes und gl\u00fcckliches Leben mit ihren vierbeinigen Begleitern genie\u00dfen zu k\u00f6nnen. \u00a0 FORTBILDUNGEN Aktuell &#8211; Weiterbildung im Bereich verhaltensmedizinische Tierpsychologie 2025 &#8211; SANUM-Kehlbeck Basis-Module\/ Praxisworkshops 1 &amp; 2 &#8211; Bauchspeicheldr\u00fcsenerkrankungen beim Hund erfolgreich behandeln &#8211; \u00c4ngste diagnostizieren &amp; behandeln nach der TCM &#8211; Das Bauchhirn &#8211; V wie Verhalten, V wie Verdauung &#8211; Akupunktur mit der Bioresonanz 2024 &#8211; Beziehungen zwischen Psyche und K\u00f6rper beim Hund (T\u00c4 Celina del Amo) &#8211; Tierverhalten in den 5 Elementen der TCVM (Dr. med. Christina Eul-Matern) &#8211; Laborwerte verstehen und vergleichen (Dr. Hawacker\/ Vetscreen) &#8211; Erwerb der \u201eBescheinigung der Sachkunde f\u00fcr Hundehalter gem\u00e4\u00df \u00a710 Landeshundegesetz\u2013 LhundG &#8211; Haltung bestimmter Hunderassen\u201c &#8211; Erkrankungen des Bewegungsapparates beim Kleintier (VitOrgan) &#8211; Geriatrie beim Kleintier (VitOrgan) &#8211; Die BvT f\u00fcr Magen-Darm-Erkrankungen beim Kleintier &#8211; Einf\u00fchrung in die Biomolekulare vitOrgan- Therapie in der Veterin\u00e4medizin &#8211; Biomolekulare vitOrgan- Therapie\u00a0 bei Turmorerkrankungen bei Haustieren &#8211; Geschundene Gef\u00e4hrten \u2013 Gesundheitliche Probleme durch Zucht (Prof. Gruber) 2023 &#8211; Labordiagnostik &#8211; Erste Hilfe Ma\u00dfnahmen am Hund &#8211; Basiskurs Tierkommunikation und Reiki f\u00fcr Tiere &#8211; Zertifizierung zur Therapeutin f\u00fcr Bioresonanz nach Paul Schmidt &#8211; Fachfortbildung \u00fcber \u201eF\u00fctterung bei Erkrankungen\u201c 2022 &#8211; Kotbefunde interpretieren und Therapiepl\u00e4ne gestalten (Enterosan) &#8211; Verdauung und Verdauungsparameter im Kot (Enterosan) 2019 &#8211; Injektionstechniken (HeLeNa Heilpraktikerschule) 2017 &#8211; Erwerb der \u201eBescheinigung der Sachkunde f\u00fcr Hundehalter gem\u00e4\u00df \u00a711 Landeshundegesetz\u2013 LhundG\u201c 2004-2016 &#8211; diverse Fortbildungen in den Bereichen: Instrumenten-\/ und Sterilgut Aufbereitung, Patientenbehandlung, Prothetische Assistenz und Funktionsanalysen, Praxismanagement\/- Marketing, Qualit\u00e4tsmanagement \u00a0 AUSBILDUNGEN 2020-2023 Ausbildung zur Tierheilpraktikerin (Abschluss 04\/2023) 09\/ 2023 Verbandspr\u00fcfung im \u201e\u00c4ltesten Verband der Tierheilpraktiker Deutschlands seit 1931 e.V.\u201c 2017-2019 Fach-Ausbildung Traditionelle Chinesische Medizin (Via Vita Institut f\u00fcr TCM in Unna) 2019-2020 Ausbildung zur zert. Ern\u00e4hrungsberaterin (Human) 2017-2020 Ausbildung zur Heilpraktikerin an der Via Vita Heilpraktiker Schule in Unna (Human &#8211; keine Pr\u00fcfung abgelegt, daher biete ich keine Therapie f\u00fcr Menschen an)\u00a0 2007-2008 Berufsbegleitende Aufstiegsfortbildung zur zahnmedizinischen Prophylaxeassistentin (Haranni- Klinik Herne) 2004-2007 Ausbildung zur zahnmedizinischen Fachangestellten \u00a0<\/p>\n","protected":false},"author":1,"featured_media":0,"parent":0,"menu_order":0,"comment_status":"closed","ping_status":"closed","template":"","meta":{"footnotes":""},"class_list":["post-1985","page","type-page","status-publish","hentry"],"yoast_head":"<!-- This site is optimized with the Yoast SEO plugin v26.9 - https:\/\/yoast.com\/product\/yoast-seo-wordpress\/ -->\n<title>About me - Pawerful-Partners<\/title>\n<meta name=\"robots\" content=\"index, follow, max-snippet:-1, max-image-preview:large, max-video-preview:-1\" \/>\n<link rel=\"canonical\" href=\"https:\/\/pawerful-partners.de\/?page_id=1985\" \/>\n<meta property=\"og:locale\" content=\"de_DE\" \/>\n<meta property=\"og:type\" content=\"article\" \/>\n<meta property=\"og:title\" content=\"About me - Pawerful-Partners\" \/>\n<meta property=\"og:description\" content=\"Ich hei\u00dfe Vanessa K\u00fcpper und ich lebe mit meiner Familie und unseren Hunden im sch\u00f6nen M\u00fcnsterland in Ahlen- Vorhelm. Schon seit dem ich denken kann galt mein Interesse den Tieren. Nachdem ich zun\u00e4chst lange im humanmedizinischen Bereich t\u00e4tig war, bin ich letztendlich meinem Herzen gefolgt und durfte mir im\u00a0Sommer 2023 den Wunsch nach einer mobilen Tierheilpraxis erf\u00fcllen. Zuvor schloss ich im April des Jahres \u00b423 erfolgreich meine Ausbildung zur Tierheilpraktikerin ab, und erg\u00e4nzte diesen Abschluss zus\u00e4tzlich mit der Aufnahmepr\u00fcfung in den \u201e\u00e4ltesten Verband der Tierheilpraktiker Deutschlands, 1931 e.V.\u201c Von 2017-2019 absolvierte ich eine Fachausbildung in traditioneller chinesischer Medizin. Die Philosophie und auch die Naturheilkunde faszinierten mich von der ersten Sekunde an. Aufgrund meiner Leidenschaft f\u00fcr Hunde, entschied ich mich w\u00e4hrend meiner 2-j\u00e4hrigen Hospitationszeit in einer TCM-Praxis f\u00fcr Menschen, meinen Weg im naturheilkundlichen Bereich zwar fortzusetzen \u2013 meinen Fokus aber auf Hunde zu legen. Also absolvierte ich daraufhin eine weitere 3-j\u00e4hrige Ausbildung zur Tierheilpraktikerin. Die veterin\u00e4re Komplement\u00e4rmedizin ist mir eine Herzensangelegenheit. Ebenso das Anliegen, Menschen dabei zu unterst\u00fctzen ein m\u00f6glichst langes und gl\u00fcckliches Leben mit ihren vierbeinigen Begleitern genie\u00dfen zu k\u00f6nnen. \u00a0 FORTBILDUNGEN Aktuell &#8211; Weiterbildung im Bereich verhaltensmedizinische Tierpsychologie 2025 &#8211; SANUM-Kehlbeck Basis-Module\/ Praxisworkshops 1 &amp; 2 &#8211; Bauchspeicheldr\u00fcsenerkrankungen beim Hund erfolgreich behandeln &#8211; \u00c4ngste diagnostizieren &amp; behandeln nach der TCM &#8211; Das Bauchhirn &#8211; V wie Verhalten, V wie Verdauung &#8211; Akupunktur mit der Bioresonanz 2024 &#8211; Beziehungen zwischen Psyche und K\u00f6rper beim Hund (T\u00c4 Celina del Amo) &#8211; Tierverhalten in den 5 Elementen der TCVM (Dr. med. Christina Eul-Matern) &#8211; Laborwerte verstehen und vergleichen (Dr. Hawacker\/ Vetscreen) &#8211; Erwerb der \u201eBescheinigung der Sachkunde f\u00fcr Hundehalter gem\u00e4\u00df \u00a710 Landeshundegesetz\u2013 LhundG &#8211; Haltung bestimmter Hunderassen\u201c &#8211; Erkrankungen des Bewegungsapparates beim Kleintier (VitOrgan) &#8211; Geriatrie beim Kleintier (VitOrgan) &#8211; Die BvT f\u00fcr Magen-Darm-Erkrankungen beim Kleintier &#8211; Einf\u00fchrung in die Biomolekulare vitOrgan- Therapie in der Veterin\u00e4medizin &#8211; Biomolekulare vitOrgan- Therapie\u00a0 bei Turmorerkrankungen bei Haustieren &#8211; Geschundene Gef\u00e4hrten \u2013 Gesundheitliche Probleme durch Zucht (Prof. Gruber) 2023 &#8211; Labordiagnostik &#8211; Erste Hilfe Ma\u00dfnahmen am Hund &#8211; Basiskurs Tierkommunikation und Reiki f\u00fcr Tiere &#8211; Zertifizierung zur Therapeutin f\u00fcr Bioresonanz nach Paul Schmidt &#8211; Fachfortbildung \u00fcber \u201eF\u00fctterung bei Erkrankungen\u201c 2022 &#8211; Kotbefunde interpretieren und Therapiepl\u00e4ne gestalten (Enterosan) &#8211; Verdauung und Verdauungsparameter im Kot (Enterosan) 2019 &#8211; Injektionstechniken (HeLeNa Heilpraktikerschule) 2017 &#8211; Erwerb der \u201eBescheinigung der Sachkunde f\u00fcr Hundehalter gem\u00e4\u00df \u00a711 Landeshundegesetz\u2013 LhundG\u201c 2004-2016 &#8211; diverse Fortbildungen in den Bereichen: Instrumenten-\/ und Sterilgut Aufbereitung, Patientenbehandlung, Prothetische Assistenz und Funktionsanalysen, Praxismanagement\/- Marketing, Qualit\u00e4tsmanagement \u00a0 AUSBILDUNGEN 2020-2023 Ausbildung zur Tierheilpraktikerin (Abschluss 04\/2023) 09\/ 2023 Verbandspr\u00fcfung im \u201e\u00c4ltesten Verband der Tierheilpraktiker Deutschlands seit 1931 e.V.\u201c 2017-2019 Fach-Ausbildung Traditionelle Chinesische Medizin (Via Vita Institut f\u00fcr TCM in Unna) 2019-2020 Ausbildung zur zert. Ern\u00e4hrungsberaterin (Human) 2017-2020 Ausbildung zur Heilpraktikerin an der Via Vita Heilpraktiker Schule in Unna (Human &#8211; keine Pr\u00fcfung abgelegt, daher biete ich keine Therapie f\u00fcr Menschen an)\u00a0 2007-2008 Berufsbegleitende Aufstiegsfortbildung zur zahnmedizinischen Prophylaxeassistentin (Haranni- Klinik Herne) 2004-2007 Ausbildung zur zahnmedizinischen Fachangestellten \u00a0\" \/>\n<meta property=\"og:url\" content=\"https:\/\/pawerful-partners.de\/?page_id=1985\" \/>\n<meta property=\"og:site_name\" content=\"Pawerful-Partners\" \/>\n<meta property=\"article:modified_time\" content=\"2026-01-19T11:25:37+00:00\" \/>\n<meta name=\"twitter:card\" content=\"summary_large_image\" \/>\n<meta name=\"twitter:label1\" content=\"Gesch\u00e4tzte Lesezeit\" \/>\n\t<meta name=\"twitter:data1\" content=\"3\u00a0Minuten\" \/>\n<script type=\"application\/ld+json\" class=\"yoast-schema-graph\">{\"@context\":\"https:\/\/schema.org\",\"@graph\":[{\"@type\":\"WebPage\",\"@id\":\"https:\/\/pawerful-partners.de\/?page_id=1985\",\"url\":\"https:\/\/pawerful-partners.de\/?page_id=1985\",\"name\":\"About me - Pawerful-Partners\",\"isPartOf\":{\"@id\":\"https:\/\/pawerful-partners.de\/#website\"},\"datePublished\":\"2024-06-13T21:13:40+00:00\",\"dateModified\":\"2026-01-19T11:25:37+00:00\",\"breadcrumb\":{\"@id\":\"https:\/\/pawerful-partners.de\/?page_id=1985#breadcrumb\"},\"inLanguage\":\"de\",\"potentialAction\":[{\"@type\":\"ReadAction\",\"target\":[\"https:\/\/pawerful-partners.de\/?page_id=1985\"]}]},{\"@type\":\"BreadcrumbList\",\"@id\":\"https:\/\/pawerful-partners.de\/?page_id=1985#breadcrumb\",\"itemListElement\":[{\"@type\":\"ListItem\",\"position\":1,\"name\":\"Startseite\",\"item\":\"https:\/\/pawerful-partners.de\/\"},{\"@type\":\"ListItem\",\"position\":2,\"name\":\"About me\"}]},{\"@type\":\"WebSite\",\"@id\":\"https:\/\/pawerful-partners.de\/#website\",\"url\":\"https:\/\/pawerful-partners.de\/\",\"name\":\"Pawerful-Partners\",\"description\":\"\",\"potentialAction\":[{\"@type\":\"SearchAction\",\"target\":{\"@type\":\"EntryPoint\",\"urlTemplate\":\"https:\/\/pawerful-partners.de\/?s={search_term_string}\"},\"query-input\":{\"@type\":\"PropertyValueSpecification\",\"valueRequired\":true,\"valueName\":\"search_term_string\"}}],\"inLanguage\":\"de\"}]}<\/script>\n<!-- \/ Yoast SEO plugin. -->","yoast_head_json":{"title":"About me - Pawerful-Partners","robots":{"index":"index","follow":"follow","max-snippet":"max-snippet:-1","max-image-preview":"max-image-preview:large","max-video-preview":"max-video-preview:-1"},"canonical":"https:\/\/pawerful-partners.de\/?page_id=1985","og_locale":"de_DE","og_type":"article","og_title":"About me - Pawerful-Partners","og_description":"Ich hei\u00dfe Vanessa K\u00fcpper und ich lebe mit meiner Familie und unseren Hunden im sch\u00f6nen M\u00fcnsterland in Ahlen- Vorhelm. Schon seit dem ich denken kann galt mein Interesse den Tieren. Nachdem ich zun\u00e4chst lange im humanmedizinischen Bereich t\u00e4tig war, bin ich letztendlich meinem Herzen gefolgt und durfte mir im\u00a0Sommer 2023 den Wunsch nach einer mobilen Tierheilpraxis erf\u00fcllen. Zuvor schloss ich im April des Jahres \u00b423 erfolgreich meine Ausbildung zur Tierheilpraktikerin ab, und erg\u00e4nzte diesen Abschluss zus\u00e4tzlich mit der Aufnahmepr\u00fcfung in den \u201e\u00e4ltesten Verband der Tierheilpraktiker Deutschlands, 1931 e.V.\u201c Von 2017-2019 absolvierte ich eine Fachausbildung in traditioneller chinesischer Medizin. Die Philosophie und auch die Naturheilkunde faszinierten mich von der ersten Sekunde an. Aufgrund meiner Leidenschaft f\u00fcr Hunde, entschied ich mich w\u00e4hrend meiner 2-j\u00e4hrigen Hospitationszeit in einer TCM-Praxis f\u00fcr Menschen, meinen Weg im naturheilkundlichen Bereich zwar fortzusetzen \u2013 meinen Fokus aber auf Hunde zu legen. Also absolvierte ich daraufhin eine weitere 3-j\u00e4hrige Ausbildung zur Tierheilpraktikerin. Die veterin\u00e4re Komplement\u00e4rmedizin ist mir eine Herzensangelegenheit. Ebenso das Anliegen, Menschen dabei zu unterst\u00fctzen ein m\u00f6glichst langes und gl\u00fcckliches Leben mit ihren vierbeinigen Begleitern genie\u00dfen zu k\u00f6nnen. \u00a0 FORTBILDUNGEN Aktuell &#8211; Weiterbildung im Bereich verhaltensmedizinische Tierpsychologie 2025 &#8211; SANUM-Kehlbeck Basis-Module\/ Praxisworkshops 1 &amp; 2 &#8211; Bauchspeicheldr\u00fcsenerkrankungen beim Hund erfolgreich behandeln &#8211; \u00c4ngste diagnostizieren &amp; behandeln nach der TCM &#8211; Das Bauchhirn &#8211; V wie Verhalten, V wie Verdauung &#8211; Akupunktur mit der Bioresonanz 2024 &#8211; Beziehungen zwischen Psyche und K\u00f6rper beim Hund (T\u00c4 Celina del Amo) &#8211; Tierverhalten in den 5 Elementen der TCVM (Dr. med. Christina Eul-Matern) &#8211; Laborwerte verstehen und vergleichen (Dr. Hawacker\/ Vetscreen) &#8211; Erwerb der \u201eBescheinigung der Sachkunde f\u00fcr Hundehalter gem\u00e4\u00df \u00a710 Landeshundegesetz\u2013 LhundG &#8211; Haltung bestimmter Hunderassen\u201c &#8211; Erkrankungen des Bewegungsapparates beim Kleintier (VitOrgan) &#8211; Geriatrie beim Kleintier (VitOrgan) &#8211; Die BvT f\u00fcr Magen-Darm-Erkrankungen beim Kleintier &#8211; Einf\u00fchrung in die Biomolekulare vitOrgan- Therapie in der Veterin\u00e4medizin &#8211; Biomolekulare vitOrgan- Therapie\u00a0 bei Turmorerkrankungen bei Haustieren &#8211; Geschundene Gef\u00e4hrten \u2013 Gesundheitliche Probleme durch Zucht (Prof. Gruber) 2023 &#8211; Labordiagnostik &#8211; Erste Hilfe Ma\u00dfnahmen am Hund &#8211; Basiskurs Tierkommunikation und Reiki f\u00fcr Tiere &#8211; Zertifizierung zur Therapeutin f\u00fcr Bioresonanz nach Paul Schmidt &#8211; Fachfortbildung \u00fcber \u201eF\u00fctterung bei Erkrankungen\u201c 2022 &#8211; Kotbefunde interpretieren und Therapiepl\u00e4ne gestalten (Enterosan) &#8211; Verdauung und Verdauungsparameter im Kot (Enterosan) 2019 &#8211; Injektionstechniken (HeLeNa Heilpraktikerschule) 2017 &#8211; Erwerb der \u201eBescheinigung der Sachkunde f\u00fcr Hundehalter gem\u00e4\u00df \u00a711 Landeshundegesetz\u2013 LhundG\u201c 2004-2016 &#8211; diverse Fortbildungen in den Bereichen: Instrumenten-\/ und Sterilgut Aufbereitung, Patientenbehandlung, Prothetische Assistenz und Funktionsanalysen, Praxismanagement\/- Marketing, Qualit\u00e4tsmanagement \u00a0 AUSBILDUNGEN 2020-2023 Ausbildung zur Tierheilpraktikerin (Abschluss 04\/2023) 09\/ 2023 Verbandspr\u00fcfung im \u201e\u00c4ltesten Verband der Tierheilpraktiker Deutschlands seit 1931 e.V.\u201c 2017-2019 Fach-Ausbildung Traditionelle Chinesische Medizin (Via Vita Institut f\u00fcr TCM in Unna) 2019-2020 Ausbildung zur zert. Ern\u00e4hrungsberaterin (Human) 2017-2020 Ausbildung zur Heilpraktikerin an der Via Vita Heilpraktiker Schule in Unna (Human &#8211; keine Pr\u00fcfung abgelegt, daher biete ich keine Therapie f\u00fcr Menschen an)\u00a0 2007-2008 Berufsbegleitende Aufstiegsfortbildung zur zahnmedizinischen Prophylaxeassistentin (Haranni- Klinik Herne) 2004-2007 Ausbildung zur zahnmedizinischen Fachangestellten \u00a0","og_url":"https:\/\/pawerful-partners.de\/?page_id=1985","og_site_name":"Pawerful-Partners","article_modified_time":"2026-01-19T11:25:37+00:00","twitter_card":"summary_large_image","twitter_misc":{"Gesch\u00e4tzte Lesezeit":"3\u00a0Minuten"},"schema":{"@context":"https:\/\/schema.org","@graph":[{"@type":"WebPage","@id":"https:\/\/pawerful-partners.de\/?page_id=1985","url":"https:\/\/pawerful-partners.de\/?page_id=1985","name":"About me - Pawerful-Partners","isPartOf":{"@id":"https:\/\/pawerful-partners.de\/#website"},"datePublished":"2024-06-13T21:13:40+00:00","dateModified":"2026-01-19T11:25:37+00:00","breadcrumb":{"@id":"https:\/\/pawerful-partners.de\/?page_id=1985#breadcrumb"},"inLanguage":"de","potentialAction":[{"@type":"ReadAction","target":["https:\/\/pawerful-partners.de\/?page_id=1985"]}]},{"@type":"BreadcrumbList","@id":"https:\/\/pawerful-partners.de\/?page_id=1985#breadcrumb","itemListElement":[{"@type":"ListItem","position":1,"name":"Startseite","item":"https:\/\/pawerful-partners.de\/"},{"@type":"ListItem","position":2,"name":"About me"}]},{"@type":"WebSite","@id":"https:\/\/pawerful-partners.de\/#website","url":"https:\/\/pawerful-partners.de\/","name":"Pawerful-Partners","description":"","potentialAction":[{"@type":"SearchAction","target":{"@type":"EntryPoint","urlTemplate":"https:\/\/pawerful-partners.de\/?s={search_term_string}"},"query-input":{"@type":"PropertyValueSpecification","valueRequired":true,"valueName":"search_term_string"}}],"inLanguage":"de"}]}},"acf":[],"_links":{"self":[{"href":"https:\/\/pawerful-partners.de\/index.php?rest_route=\/wp\/v2\/pages\/1985","targetHints":{"allow":["GET"]}}],"collection":[{"href":"https:\/\/pawerful-partners.de\/index.php?rest_route=\/wp\/v2\/pages"}],"about":[{"href":"https:\/\/pawerful-partners.de\/index.php?rest_route=\/wp\/v2\/types\/page"}],"author":[{"embeddable":true,"href":"https:\/\/pawerful-partners.de\/index.php?rest_route=\/wp\/v2\/users\/1"}],"replies":[{"embeddable":true,"href":"https:\/\/pawerful-partners.de\/index.php?rest_route=%2Fwp%2Fv2%2Fcomments&post=1985"}],"version-history":[{"count":49,"href":"https:\/\/pawerful-partners.de\/index.php?rest_route=\/wp\/v2\/pages\/1985\/revisions"}],"predecessor-version":[{"id":2652,"href":"https:\/\/pawerful-partners.de\/index.php?rest_route=\/wp\/v2\/pages\/1985\/revisions\/2652"}],"wp:attachment":[{"href":"https:\/\/pawerful-partners.de\/index.php?rest_route=%2Fwp%2Fv2%2Fmedia&parent=1985"}],"curies":[{"name":"wp","href":"https:\/\/api.w.org\/{rel}","templated":true}]}}