{"id":2568,"date":"2025-04-04T18:03:23","date_gmt":"2025-04-04T18:03:23","guid":{"rendered":"https:\/\/pawerful-partners.de\/?page_id=2568"},"modified":"2025-04-06T06:33:35","modified_gmt":"2025-04-06T06:33:35","slug":"weil-es-auf-dich-ankommt-gesundheit-fuer-hund-und-halter","status":"publish","type":"page","link":"https:\/\/pawerful-partners.de\/?page_id=2568","title":{"rendered":"+Zusatz f\u00fcr Zweibeiner"},"content":{"rendered":"\t\t<div data-elementor-type=\"wp-page\" data-elementor-id=\"2568\" class=\"elementor elementor-2568\">\n\t\t\t\t<div class=\"elementor-element elementor-element-659ba20 e-flex e-con-boxed wpr-particle-no wpr-jarallax-no wpr-parallax-no wpr-sticky-section-no e-con e-parent\" data-id=\"659ba20\" data-element_type=\"container\" data-e-type=\"container\">\n\t\t\t\t\t<div class=\"e-con-inner\">\n\t\t\t\t\t<\/div>\n\t\t\t\t<\/div>\n\t\t<div class=\"elementor-element elementor-element-ec2cba3 e-flex e-con-boxed wpr-particle-no wpr-jarallax-no wpr-parallax-no wpr-sticky-section-no e-con e-parent\" data-id=\"ec2cba3\" data-element_type=\"container\" data-e-type=\"container\">\n\t\t\t\t\t<div class=\"e-con-inner\">\n\t\t\t\t<div class=\"elementor-element elementor-element-498590c elementor-widget elementor-widget-heading\" data-id=\"498590c\" data-element_type=\"widget\" data-e-type=\"widget\" data-widget_type=\"heading.default\">\n\t\t\t\t<div class=\"elementor-widget-container\">\n\t\t\t\t\t<h2 class=\"elementor-heading-title elementor-size-default\">Weil es auf Dich ankommt - Gesundheit f\u00fcr Hund und Halter<\/h2>\t\t\t\t<\/div>\n\t\t\t\t<\/div>\n\t\t\t\t\t<\/div>\n\t\t\t\t<\/div>\n\t\t<div class=\"elementor-element elementor-element-78d49dd e-flex e-con-boxed wpr-particle-no wpr-jarallax-no wpr-parallax-no wpr-sticky-section-no e-con e-parent\" data-id=\"78d49dd\" data-element_type=\"container\" data-e-type=\"container\">\n\t\t\t\t\t<div class=\"e-con-inner\">\n\t\t\t\t<div class=\"elementor-element elementor-element-9b9f573 elementor-widget elementor-widget-text-editor\" data-id=\"9b9f573\" data-element_type=\"widget\" data-e-type=\"widget\" data-widget_type=\"text-editor.default\">\n\t\t\t\t<div class=\"elementor-widget-container\">\n\t\t\t\t\t\t\t\t\t<p>F\u00fcr ein harmonisches Miteinander zwischen Mensch und Hund ist es wichtig, dass unser tierischer Begleiter gesund und ausgeglichen ist \u2013&nbsp; wir selbst spielen dabei eine zentrale Rolle. Unsere k\u00f6rperliche und seelische Verfassung wirkt sich unmittelbar auf das Verhalten, die Gesundheit und das Wohlbefinden unseres Hundes aus.<\/p>\n<p>Aus meiner Erfahrung als Hundehalterin und Tierheilpraktikerin wei\u00df ich: Hunde sind feinf\u00fchlige Wesen. Sie nehmen unsere Stimmungen wahr, spiegeln emotionale Themen und tragen unsere Belastungen mit. Deshalb ist es essenziell, dass auch wir gut f\u00fcr uns selbst sorgen \u2013 k\u00f6rperlich, seelisch und energetisch.<\/p>\n<p>Wenn du dich vital, klar und innerlich stabil f\u00fchlst, st\u00e4rkst du nicht nur deine Gesundheit, sondern auch deine nat\u00fcrliche F\u00fchrungskompetenz. Hunde orientieren sich an unserer Ausstrahlung, inneren Ruhe und Klarheit \u2013 und je mehr du bei dir selbst angekommen bist, desto mehr Vertrauen und Sicherheit kannst du auch deinem Hund geben.<\/p>\n<p><b><u>Mein Angebot f\u00fcr dich<\/u>:<\/b> Ich teile mein ganzheitliches Wissen rund um Gesundheit und Energiearbeit \u2013 inspiriert durch meine Ausbildungen in der Traditionellen Chinesischen Medizin (TCM), in der Ern\u00e4hrungsberatung und meine Erfahrungen aus der Humanheilpraxis.<\/p>\n<p>Gemeinsam finden wir Wege, wie du deine Energie st\u00e4rkst und deine Balance findest \u2013 f\u00fcr mehr Lebenskraft, Klarheit und ein gesundes Miteinander mit deinem Hund.<\/p>\n<p>&#8211; Ganzheitliche Ern\u00e4hrungsberatung f\u00fcr mehr Wohlbefinden &amp; Vitalit\u00e4t<\/p>\n<p>&#8211; Beratung zu Ern\u00e4hrung und Selbstf\u00fcrsorge aus Sicht der TCM<\/p>\n<p><span style=\"color: var( --e-global-color-text ); font-family: var( --e-global-typography-text-font-family ), Sans-serif; font-weight: var( --e-global-typography-text-font-weight ); text-align: var(--text-align); letter-spacing: 0px;\">&#8211; St\u00e4rkung der Darmgesundheit als Grundlage f\u00fcr k\u00f6rperliches &amp; emotionales Gleichgewicht<\/span><\/p>\n<p>&#8211; Wellnessanwendungen\/ Energieausgleich \u00fcber die Bioresonanz nach Paul Schmidt<\/p>\n<p>&#8211; Bewusstseinsarbeit: Erkenne, wie deine Emotionen auf deinen Hund wirken<\/p>\n<p><span style=\"text-decoration: underline;\"><strong>So gehen wir gemeinsam den Weg zu mehr Balance und Gesundheit \u2013 f\u00fcr Dich und deinen Hund<\/strong><\/span><\/p>\n<p>Damit ich dich bestm\u00f6glich begleiten kann, starten wir mit einem speziell f\u00fcr dich erstellten Workbook. Du nimmst dir in Ruhe Zeit, es auszuf\u00fcllen \u2013 so gewinne ich wertvolle Einblicke in deine aktuelle Situation, deine Ern\u00e4hrung, dein Energielevel und deine Themen.<\/p>\n<p>Anhand deiner Angaben vereinbaren wir im Anschluss einen individuellen Beratungstermin nur f\u00fcr dich. Auf dieser Basis erstelle ich deinen pers\u00f6nlichen Ern\u00e4hrungsplan. Optional schauen wir, was deine Darmgesundheit braucht \u2013 denn sie ist das A und O f\u00fcr dein Wohlbefinden, genauso wie f\u00fcr das deines Hundes.<\/p>\n<p>So wie ich deinen Hund mit meiner ganzheitlichen Therapie unterst\u00fctze, begleite ich auch dich mit Herz und Fachwissen auf deinem Weg. Ich stehe dir bei allen Fragen zur Seite \u2013(beachte aber, dass mein Angebot keine Heilbehandlung darstellt und keinen Arzt oder Humanheilpraktiker ersetzt.)<\/p>\n<p><span style=\"text-decoration: underline;\"><strong>Information zur Preisgestaltung<\/strong><\/span><\/p>\n<p>Meine therapeutischen Leistungen f\u00fcr deinen Hund rechne ich transparent nach dem Geb\u00fchrenverzeichnis f\u00fcr Tierheilpraktiker ab. Diese bildet die Grundlage f\u00fcr eine faire und nachvollziehbare Abrechnung im tierheilkundlichen Bereich.<\/p>\n<p>F\u00fcr die erg\u00e4nzende Arbeit mit dir als Mensch \u2013 biete ich dir folgende Leistungspakete an:<\/p>\n<p><span style=\"text-decoration: underline;\"><strong>Basispaket:<\/strong><\/span> Workbook + Auswertungsgespr\u00e4ch + individueller Ern\u00e4hrungs-Plan&nbsp;&nbsp;<strong><span style=\"color: var( --e-global-color-text ); font-family: var( --e-global-typography-text-font-family ), Sans-serif; text-align: var(--text-align); letter-spacing: 0px;\">120 \u20ac<\/span><\/strong><\/p>\n<p><span style=\"text-decoration: underline;\"><strong>Premiumpaket:<\/strong><\/span> Basispaket + zwei Follow-up-Termine + pers\u00f6nliche Begleitung via WhatsApp \u00fcber vier Wochen&nbsp; <strong>220 \u20ac<\/strong><\/p>\n<p>Hinweis: Laborkosten (f\u00fcr Darmflora-analysen) sind nicht im Preis enthalten und werden gesondert berechnet.<\/p>\t\t\t\t\t\t\t\t<\/div>\n\t\t\t\t<\/div>\n\t\t\t\t\t<\/div>\n\t\t\t\t<\/div>\n\t\t\t\t<\/div>\n\t\t","protected":false},"excerpt":{"rendered":"<p>Weil es auf Dich ankommt &#8211; Gesundheit f\u00fcr Hund und Halter F\u00fcr ein harmonisches Miteinander zwischen Mensch und Hund ist es wichtig, dass unser tierischer Begleiter gesund und ausgeglichen ist \u2013&nbsp; wir selbst spielen dabei eine zentrale Rolle. Unsere k\u00f6rperliche und seelische Verfassung wirkt sich unmittelbar auf das Verhalten, die Gesundheit und das Wohlbefinden unseres Hundes aus. Aus meiner Erfahrung als Hundehalterin und Tierheilpraktikerin wei\u00df ich: Hunde sind feinf\u00fchlige Wesen. Sie nehmen unsere Stimmungen wahr, spiegeln emotionale Themen und tragen unsere Belastungen mit. Deshalb ist es essenziell, dass auch wir gut f\u00fcr uns selbst sorgen \u2013 k\u00f6rperlich, seelisch und energetisch. Wenn du dich vital, klar und innerlich stabil f\u00fchlst, st\u00e4rkst du nicht nur deine Gesundheit, sondern auch deine nat\u00fcrliche F\u00fchrungskompetenz. Hunde orientieren sich an unserer Ausstrahlung, inneren Ruhe und Klarheit \u2013 und je mehr du bei dir selbst angekommen bist, desto mehr Vertrauen und Sicherheit kannst du auch deinem Hund geben. Mein Angebot f\u00fcr dich: Ich teile mein ganzheitliches Wissen rund um Gesundheit und Energiearbeit \u2013 inspiriert durch meine Ausbildungen in der Traditionellen Chinesischen Medizin (TCM), in der Ern\u00e4hrungsberatung und meine Erfahrungen aus der Humanheilpraxis. Gemeinsam finden wir Wege, wie du deine Energie st\u00e4rkst und deine Balance findest \u2013 f\u00fcr mehr Lebenskraft, Klarheit und ein gesundes Miteinander mit deinem Hund. &#8211; Ganzheitliche Ern\u00e4hrungsberatung f\u00fcr mehr Wohlbefinden &amp; Vitalit\u00e4t &#8211; Beratung zu Ern\u00e4hrung und Selbstf\u00fcrsorge aus Sicht der TCM &#8211; St\u00e4rkung der Darmgesundheit als Grundlage f\u00fcr k\u00f6rperliches &amp; emotionales Gleichgewicht &#8211; Wellnessanwendungen\/ Energieausgleich \u00fcber die Bioresonanz nach Paul Schmidt &#8211; Bewusstseinsarbeit: Erkenne, wie deine Emotionen auf deinen Hund wirken So gehen wir gemeinsam den Weg zu mehr Balance und Gesundheit \u2013 f\u00fcr Dich und deinen Hund Damit ich dich bestm\u00f6glich begleiten kann, starten wir mit einem speziell f\u00fcr dich erstellten Workbook. Du nimmst dir in Ruhe Zeit, es auszuf\u00fcllen \u2013 so gewinne ich wertvolle Einblicke in deine aktuelle Situation, deine Ern\u00e4hrung, dein Energielevel und deine Themen. Anhand deiner Angaben vereinbaren wir im Anschluss einen individuellen Beratungstermin nur f\u00fcr dich. Auf dieser Basis erstelle ich deinen pers\u00f6nlichen Ern\u00e4hrungsplan. Optional schauen wir, was deine Darmgesundheit braucht \u2013 denn sie ist das A und O f\u00fcr dein Wohlbefinden, genauso wie f\u00fcr das deines Hundes. So wie ich deinen Hund mit meiner ganzheitlichen Therapie unterst\u00fctze, begleite ich auch dich mit Herz und Fachwissen auf deinem Weg. Ich stehe dir bei allen Fragen zur Seite \u2013(beachte aber, dass mein Angebot keine Heilbehandlung darstellt und keinen Arzt oder Humanheilpraktiker ersetzt.) Information zur Preisgestaltung Meine therapeutischen Leistungen f\u00fcr deinen Hund rechne ich transparent nach dem Geb\u00fchrenverzeichnis f\u00fcr Tierheilpraktiker ab. Diese bildet die Grundlage f\u00fcr eine faire und nachvollziehbare Abrechnung im tierheilkundlichen Bereich. F\u00fcr die erg\u00e4nzende Arbeit mit dir als Mensch \u2013 biete ich dir folgende Leistungspakete an: Basispaket: Workbook + Auswertungsgespr\u00e4ch + individueller Ern\u00e4hrungs-Plan&nbsp;&nbsp;120 \u20ac Premiumpaket: Basispaket + zwei Follow-up-Termine + pers\u00f6nliche Begleitung via WhatsApp \u00fcber vier Wochen&nbsp; 220 \u20ac Hinweis: Laborkosten (f\u00fcr Darmflora-analysen) sind nicht im Preis enthalten und werden gesondert berechnet.<\/p>\n","protected":false},"author":1,"featured_media":0,"parent":0,"menu_order":0,"comment_status":"closed","ping_status":"closed","template":"","meta":{"footnotes":""},"class_list":["post-2568","page","type-page","status-publish","hentry"],"yoast_head":"<!-- This site is optimized with the Yoast SEO plugin v26.9 - https:\/\/yoast.com\/product\/yoast-seo-wordpress\/ -->\n<title>+Zusatz f\u00fcr Zweibeiner - Pawerful-Partners<\/title>\n<meta name=\"robots\" content=\"index, follow, max-snippet:-1, max-image-preview:large, max-video-preview:-1\" \/>\n<link rel=\"canonical\" href=\"https:\/\/pawerful-partners.de\/?page_id=2568\" \/>\n<meta property=\"og:locale\" content=\"de_DE\" \/>\n<meta property=\"og:type\" content=\"article\" \/>\n<meta property=\"og:title\" content=\"+Zusatz f\u00fcr Zweibeiner - Pawerful-Partners\" \/>\n<meta property=\"og:description\" content=\"Weil es auf Dich ankommt &#8211; Gesundheit f\u00fcr Hund und Halter F\u00fcr ein harmonisches Miteinander zwischen Mensch und Hund ist es wichtig, dass unser tierischer Begleiter gesund und ausgeglichen ist \u2013&nbsp; wir selbst spielen dabei eine zentrale Rolle. Unsere k\u00f6rperliche und seelische Verfassung wirkt sich unmittelbar auf das Verhalten, die Gesundheit und das Wohlbefinden unseres Hundes aus. Aus meiner Erfahrung als Hundehalterin und Tierheilpraktikerin wei\u00df ich: Hunde sind feinf\u00fchlige Wesen. Sie nehmen unsere Stimmungen wahr, spiegeln emotionale Themen und tragen unsere Belastungen mit. Deshalb ist es essenziell, dass auch wir gut f\u00fcr uns selbst sorgen \u2013 k\u00f6rperlich, seelisch und energetisch. Wenn du dich vital, klar und innerlich stabil f\u00fchlst, st\u00e4rkst du nicht nur deine Gesundheit, sondern auch deine nat\u00fcrliche F\u00fchrungskompetenz. Hunde orientieren sich an unserer Ausstrahlung, inneren Ruhe und Klarheit \u2013 und je mehr du bei dir selbst angekommen bist, desto mehr Vertrauen und Sicherheit kannst du auch deinem Hund geben. Mein Angebot f\u00fcr dich: Ich teile mein ganzheitliches Wissen rund um Gesundheit und Energiearbeit \u2013 inspiriert durch meine Ausbildungen in der Traditionellen Chinesischen Medizin (TCM), in der Ern\u00e4hrungsberatung und meine Erfahrungen aus der Humanheilpraxis. Gemeinsam finden wir Wege, wie du deine Energie st\u00e4rkst und deine Balance findest \u2013 f\u00fcr mehr Lebenskraft, Klarheit und ein gesundes Miteinander mit deinem Hund. &#8211; Ganzheitliche Ern\u00e4hrungsberatung f\u00fcr mehr Wohlbefinden &amp; Vitalit\u00e4t &#8211; Beratung zu Ern\u00e4hrung und Selbstf\u00fcrsorge aus Sicht der TCM &#8211; St\u00e4rkung der Darmgesundheit als Grundlage f\u00fcr k\u00f6rperliches &amp; emotionales Gleichgewicht &#8211; Wellnessanwendungen\/ Energieausgleich \u00fcber die Bioresonanz nach Paul Schmidt &#8211; Bewusstseinsarbeit: Erkenne, wie deine Emotionen auf deinen Hund wirken So gehen wir gemeinsam den Weg zu mehr Balance und Gesundheit \u2013 f\u00fcr Dich und deinen Hund Damit ich dich bestm\u00f6glich begleiten kann, starten wir mit einem speziell f\u00fcr dich erstellten Workbook. Du nimmst dir in Ruhe Zeit, es auszuf\u00fcllen \u2013 so gewinne ich wertvolle Einblicke in deine aktuelle Situation, deine Ern\u00e4hrung, dein Energielevel und deine Themen. Anhand deiner Angaben vereinbaren wir im Anschluss einen individuellen Beratungstermin nur f\u00fcr dich. Auf dieser Basis erstelle ich deinen pers\u00f6nlichen Ern\u00e4hrungsplan. Optional schauen wir, was deine Darmgesundheit braucht \u2013 denn sie ist das A und O f\u00fcr dein Wohlbefinden, genauso wie f\u00fcr das deines Hundes. So wie ich deinen Hund mit meiner ganzheitlichen Therapie unterst\u00fctze, begleite ich auch dich mit Herz und Fachwissen auf deinem Weg. Ich stehe dir bei allen Fragen zur Seite \u2013(beachte aber, dass mein Angebot keine Heilbehandlung darstellt und keinen Arzt oder Humanheilpraktiker ersetzt.) Information zur Preisgestaltung Meine therapeutischen Leistungen f\u00fcr deinen Hund rechne ich transparent nach dem Geb\u00fchrenverzeichnis f\u00fcr Tierheilpraktiker ab. Diese bildet die Grundlage f\u00fcr eine faire und nachvollziehbare Abrechnung im tierheilkundlichen Bereich. F\u00fcr die erg\u00e4nzende Arbeit mit dir als Mensch \u2013 biete ich dir folgende Leistungspakete an: Basispaket: Workbook + Auswertungsgespr\u00e4ch + individueller Ern\u00e4hrungs-Plan&nbsp;&nbsp;120 \u20ac Premiumpaket: Basispaket + zwei Follow-up-Termine + pers\u00f6nliche Begleitung via WhatsApp \u00fcber vier Wochen&nbsp; 220 \u20ac Hinweis: Laborkosten (f\u00fcr Darmflora-analysen) sind nicht im Preis enthalten und werden gesondert berechnet.\" \/>\n<meta property=\"og:url\" content=\"https:\/\/pawerful-partners.de\/?page_id=2568\" \/>\n<meta property=\"og:site_name\" content=\"Pawerful-Partners\" \/>\n<meta property=\"article:modified_time\" content=\"2025-04-06T06:33:35+00:00\" \/>\n<meta name=\"twitter:card\" content=\"summary_large_image\" \/>\n<meta name=\"twitter:label1\" content=\"Gesch\u00e4tzte Lesezeit\" \/>\n\t<meta name=\"twitter:data1\" content=\"3\u00a0Minuten\" \/>\n<script type=\"application\/ld+json\" class=\"yoast-schema-graph\">{\"@context\":\"https:\/\/schema.org\",\"@graph\":[{\"@type\":\"WebPage\",\"@id\":\"https:\/\/pawerful-partners.de\/?page_id=2568\",\"url\":\"https:\/\/pawerful-partners.de\/?page_id=2568\",\"name\":\"+Zusatz f\u00fcr Zweibeiner - Pawerful-Partners\",\"isPartOf\":{\"@id\":\"https:\/\/pawerful-partners.de\/#website\"},\"datePublished\":\"2025-04-04T18:03:23+00:00\",\"dateModified\":\"2025-04-06T06:33:35+00:00\",\"breadcrumb\":{\"@id\":\"https:\/\/pawerful-partners.de\/?page_id=2568#breadcrumb\"},\"inLanguage\":\"de\",\"potentialAction\":[{\"@type\":\"ReadAction\",\"target\":[\"https:\/\/pawerful-partners.de\/?page_id=2568\"]}]},{\"@type\":\"BreadcrumbList\",\"@id\":\"https:\/\/pawerful-partners.de\/?page_id=2568#breadcrumb\",\"itemListElement\":[{\"@type\":\"ListItem\",\"position\":1,\"name\":\"Startseite\",\"item\":\"https:\/\/pawerful-partners.de\/\"},{\"@type\":\"ListItem\",\"position\":2,\"name\":\"+Zusatz f\u00fcr Zweibeiner\"}]},{\"@type\":\"WebSite\",\"@id\":\"https:\/\/pawerful-partners.de\/#website\",\"url\":\"https:\/\/pawerful-partners.de\/\",\"name\":\"Pawerful-Partners\",\"description\":\"\",\"potentialAction\":[{\"@type\":\"SearchAction\",\"target\":{\"@type\":\"EntryPoint\",\"urlTemplate\":\"https:\/\/pawerful-partners.de\/?s={search_term_string}\"},\"query-input\":{\"@type\":\"PropertyValueSpecification\",\"valueRequired\":true,\"valueName\":\"search_term_string\"}}],\"inLanguage\":\"de\"}]}<\/script>\n<!-- \/ Yoast SEO plugin. -->","yoast_head_json":{"title":"+Zusatz f\u00fcr Zweibeiner - Pawerful-Partners","robots":{"index":"index","follow":"follow","max-snippet":"max-snippet:-1","max-image-preview":"max-image-preview:large","max-video-preview":"max-video-preview:-1"},"canonical":"https:\/\/pawerful-partners.de\/?page_id=2568","og_locale":"de_DE","og_type":"article","og_title":"+Zusatz f\u00fcr Zweibeiner - Pawerful-Partners","og_description":"Weil es auf Dich ankommt &#8211; Gesundheit f\u00fcr Hund und Halter F\u00fcr ein harmonisches Miteinander zwischen Mensch und Hund ist es wichtig, dass unser tierischer Begleiter gesund und ausgeglichen ist \u2013&nbsp; wir selbst spielen dabei eine zentrale Rolle. Unsere k\u00f6rperliche und seelische Verfassung wirkt sich unmittelbar auf das Verhalten, die Gesundheit und das Wohlbefinden unseres Hundes aus. Aus meiner Erfahrung als Hundehalterin und Tierheilpraktikerin wei\u00df ich: Hunde sind feinf\u00fchlige Wesen. Sie nehmen unsere Stimmungen wahr, spiegeln emotionale Themen und tragen unsere Belastungen mit. Deshalb ist es essenziell, dass auch wir gut f\u00fcr uns selbst sorgen \u2013 k\u00f6rperlich, seelisch und energetisch. Wenn du dich vital, klar und innerlich stabil f\u00fchlst, st\u00e4rkst du nicht nur deine Gesundheit, sondern auch deine nat\u00fcrliche F\u00fchrungskompetenz. Hunde orientieren sich an unserer Ausstrahlung, inneren Ruhe und Klarheit \u2013 und je mehr du bei dir selbst angekommen bist, desto mehr Vertrauen und Sicherheit kannst du auch deinem Hund geben. Mein Angebot f\u00fcr dich: Ich teile mein ganzheitliches Wissen rund um Gesundheit und Energiearbeit \u2013 inspiriert durch meine Ausbildungen in der Traditionellen Chinesischen Medizin (TCM), in der Ern\u00e4hrungsberatung und meine Erfahrungen aus der Humanheilpraxis. Gemeinsam finden wir Wege, wie du deine Energie st\u00e4rkst und deine Balance findest \u2013 f\u00fcr mehr Lebenskraft, Klarheit und ein gesundes Miteinander mit deinem Hund. &#8211; Ganzheitliche Ern\u00e4hrungsberatung f\u00fcr mehr Wohlbefinden &amp; Vitalit\u00e4t &#8211; Beratung zu Ern\u00e4hrung und Selbstf\u00fcrsorge aus Sicht der TCM &#8211; St\u00e4rkung der Darmgesundheit als Grundlage f\u00fcr k\u00f6rperliches &amp; emotionales Gleichgewicht &#8211; Wellnessanwendungen\/ Energieausgleich \u00fcber die Bioresonanz nach Paul Schmidt &#8211; Bewusstseinsarbeit: Erkenne, wie deine Emotionen auf deinen Hund wirken So gehen wir gemeinsam den Weg zu mehr Balance und Gesundheit \u2013 f\u00fcr Dich und deinen Hund Damit ich dich bestm\u00f6glich begleiten kann, starten wir mit einem speziell f\u00fcr dich erstellten Workbook. Du nimmst dir in Ruhe Zeit, es auszuf\u00fcllen \u2013 so gewinne ich wertvolle Einblicke in deine aktuelle Situation, deine Ern\u00e4hrung, dein Energielevel und deine Themen. Anhand deiner Angaben vereinbaren wir im Anschluss einen individuellen Beratungstermin nur f\u00fcr dich. Auf dieser Basis erstelle ich deinen pers\u00f6nlichen Ern\u00e4hrungsplan. Optional schauen wir, was deine Darmgesundheit braucht \u2013 denn sie ist das A und O f\u00fcr dein Wohlbefinden, genauso wie f\u00fcr das deines Hundes. So wie ich deinen Hund mit meiner ganzheitlichen Therapie unterst\u00fctze, begleite ich auch dich mit Herz und Fachwissen auf deinem Weg. Ich stehe dir bei allen Fragen zur Seite \u2013(beachte aber, dass mein Angebot keine Heilbehandlung darstellt und keinen Arzt oder Humanheilpraktiker ersetzt.) Information zur Preisgestaltung Meine therapeutischen Leistungen f\u00fcr deinen Hund rechne ich transparent nach dem Geb\u00fchrenverzeichnis f\u00fcr Tierheilpraktiker ab. Diese bildet die Grundlage f\u00fcr eine faire und nachvollziehbare Abrechnung im tierheilkundlichen Bereich. F\u00fcr die erg\u00e4nzende Arbeit mit dir als Mensch \u2013 biete ich dir folgende Leistungspakete an: Basispaket: Workbook + Auswertungsgespr\u00e4ch + individueller Ern\u00e4hrungs-Plan&nbsp;&nbsp;120 \u20ac Premiumpaket: Basispaket + zwei Follow-up-Termine + pers\u00f6nliche Begleitung via WhatsApp \u00fcber vier Wochen&nbsp; 220 \u20ac Hinweis: Laborkosten (f\u00fcr Darmflora-analysen) sind nicht im Preis enthalten und werden gesondert berechnet.","og_url":"https:\/\/pawerful-partners.de\/?page_id=2568","og_site_name":"Pawerful-Partners","article_modified_time":"2025-04-06T06:33:35+00:00","twitter_card":"summary_large_image","twitter_misc":{"Gesch\u00e4tzte Lesezeit":"3\u00a0Minuten"},"schema":{"@context":"https:\/\/schema.org","@graph":[{"@type":"WebPage","@id":"https:\/\/pawerful-partners.de\/?page_id=2568","url":"https:\/\/pawerful-partners.de\/?page_id=2568","name":"+Zusatz f\u00fcr Zweibeiner - Pawerful-Partners","isPartOf":{"@id":"https:\/\/pawerful-partners.de\/#website"},"datePublished":"2025-04-04T18:03:23+00:00","dateModified":"2025-04-06T06:33:35+00:00","breadcrumb":{"@id":"https:\/\/pawerful-partners.de\/?page_id=2568#breadcrumb"},"inLanguage":"de","potentialAction":[{"@type":"ReadAction","target":["https:\/\/pawerful-partners.de\/?page_id=2568"]}]},{"@type":"BreadcrumbList","@id":"https:\/\/pawerful-partners.de\/?page_id=2568#breadcrumb","itemListElement":[{"@type":"ListItem","position":1,"name":"Startseite","item":"https:\/\/pawerful-partners.de\/"},{"@type":"ListItem","position":2,"name":"+Zusatz f\u00fcr Zweibeiner"}]},{"@type":"WebSite","@id":"https:\/\/pawerful-partners.de\/#website","url":"https:\/\/pawerful-partners.de\/","name":"Pawerful-Partners","description":"","potentialAction":[{"@type":"SearchAction","target":{"@type":"EntryPoint","urlTemplate":"https:\/\/pawerful-partners.de\/?s={search_term_string}"},"query-input":{"@type":"PropertyValueSpecification","valueRequired":true,"valueName":"search_term_string"}}],"inLanguage":"de"}]}},"acf":[],"_links":{"self":[{"href":"https:\/\/pawerful-partners.de\/index.php?rest_route=\/wp\/v2\/pages\/2568","targetHints":{"allow":["GET"]}}],"collection":[{"href":"https:\/\/pawerful-partners.de\/index.php?rest_route=\/wp\/v2\/pages"}],"about":[{"href":"https:\/\/pawerful-partners.de\/index.php?rest_route=\/wp\/v2\/types\/page"}],"author":[{"embeddable":true,"href":"https:\/\/pawerful-partners.de\/index.php?rest_route=\/wp\/v2\/users\/1"}],"replies":[{"embeddable":true,"href":"https:\/\/pawerful-partners.de\/index.php?rest_route=%2Fwp%2Fv2%2Fcomments&post=2568"}],"version-history":[{"count":25,"href":"https:\/\/pawerful-partners.de\/index.php?rest_route=\/wp\/v2\/pages\/2568\/revisions"}],"predecessor-version":[{"id":2609,"href":"https:\/\/pawerful-partners.de\/index.php?rest_route=\/wp\/v2\/pages\/2568\/revisions\/2609"}],"wp:attachment":[{"href":"https:\/\/pawerful-partners.de\/index.php?rest_route=%2Fwp%2Fv2%2Fmedia&parent=2568"}],"curies":[{"name":"wp","href":"https:\/\/api.w.org\/{rel}","templated":true}]}}